{"id":1708,"date":"2020-10-04T19:50:54","date_gmt":"2020-10-04T17:50:54","guid":{"rendered":"http:\/\/beta.sveceny.cz\/?page_id=1708"},"modified":"2020-10-04T19:53:52","modified_gmt":"2020-10-04T17:53:52","slug":"discography-2","status":"publish","type":"page","link":"https:\/\/www.sveceny.cz\/en\/discography-2\/","title":{"rendered":"Discography"},"content":{"rendered":"","protected":false},"excerpt":{"rendered":"","protected":false},"author":4,"featured_media":0,"parent":0,"menu_order":0,"comment_status":"closed","ping_status":"closed","template":"template-discography.php","meta":{"_acf_changed":false,"footnotes":""},"class_list":["post-1708","page","type-page","status-publish","hentry"],"acf":[],"yoast_head":"<!-- This site is optimized with the Yoast SEO plugin v25.4 - https:\/\/yoast.com\/wordpress\/plugins\/seo\/ -->\n<title>Discography - Jaroslav Sv\u011bcen\u00fd<\/title>\n<meta name=\"robots\" content=\"index, follow, max-snippet:-1, max-image-preview:large, max-video-preview:-1\" \/>\n<link rel=\"canonical\" href=\"https:\/\/www.sveceny.cz\/en\/discography-2\/\" \/>\n<meta property=\"og:locale\" content=\"en_US\" \/>\n<meta property=\"og:type\" content=\"article\" \/>\n<meta property=\"og:title\" content=\"Discography - Jaroslav Sv\u011bcen\u00fd\" \/>\n<meta property=\"og:url\" content=\"https:\/\/www.sveceny.cz\/en\/discography-2\/\" \/>\n<meta property=\"og:site_name\" content=\"Jaroslav Sv\u011bcen\u00fd\" \/>\n<meta property=\"article:modified_time\" content=\"2020-10-04T17:53:52+00:00\" \/>\n<meta name=\"twitter:card\" content=\"summary_large_image\" \/>\n<script type=\"application\/ld+json\" class=\"yoast-schema-graph\">{\"@context\":\"https:\/\/schema.org\",\"@graph\":[{\"@type\":\"WebPage\",\"@id\":\"https:\/\/www.sveceny.cz\/en\/discography-2\/\",\"url\":\"https:\/\/www.sveceny.cz\/en\/discography-2\/\",\"name\":\"Discography - Jaroslav Sv\u011bcen\u00fd\",\"isPartOf\":{\"@id\":\"https:\/\/www.sveceny.cz\/#website\"},\"datePublished\":\"2020-10-04T17:50:54+00:00\",\"dateModified\":\"2020-10-04T17:53:52+00:00\",\"breadcrumb\":{\"@id\":\"https:\/\/www.sveceny.cz\/en\/discography-2\/#breadcrumb\"},\"inLanguage\":\"en-US\",\"potentialAction\":[{\"@type\":\"ReadAction\",\"target\":[\"https:\/\/www.sveceny.cz\/en\/discography-2\/\"]}]},{\"@type\":\"BreadcrumbList\",\"@id\":\"https:\/\/www.sveceny.cz\/en\/discography-2\/#breadcrumb\",\"itemListElement\":[{\"@type\":\"ListItem\",\"position\":1,\"name\":\"Dom\u016f\",\"item\":\"https:\/\/www.sveceny.cz\/en\/\"},{\"@type\":\"ListItem\",\"position\":2,\"name\":\"Discography\"}]},{\"@type\":\"WebSite\",\"@id\":\"https:\/\/www.sveceny.cz\/#website\",\"url\":\"https:\/\/www.sveceny.cz\/\",\"name\":\"Jaroslav Sv\u011bcen\u00fd\",\"description\":\"\u010cesk\u00fd houslov\u00fd virtuos\",\"publisher\":{\"@id\":\"https:\/\/www.sveceny.cz\/#\/schema\/person\/923756e4254f42a7157baf29a6bf8f15\"},\"potentialAction\":[{\"@type\":\"SearchAction\",\"target\":{\"@type\":\"EntryPoint\",\"urlTemplate\":\"https:\/\/www.sveceny.cz\/?s={search_term_string}\"},\"query-input\":{\"@type\":\"PropertyValueSpecification\",\"valueRequired\":true,\"valueName\":\"search_term_string\"}}],\"inLanguage\":\"en-US\"},{\"@type\":[\"Person\",\"Organization\"],\"@id\":\"https:\/\/www.sveceny.cz\/#\/schema\/person\/923756e4254f42a7157baf29a6bf8f15\",\"name\":\"Jaroslav\",\"image\":{\"@type\":\"ImageObject\",\"inLanguage\":\"en-US\",\"@id\":\"https:\/\/www.sveceny.cz\/#\/schema\/person\/image\/\",\"url\":\"https:\/\/secure.gravatar.com\/avatar\/72593fabec0b4f87dbdaf7bd1010408778ba2a5dad577e9c1cd368b4d6e16116?s=96&d=mm&r=g\",\"contentUrl\":\"https:\/\/secure.gravatar.com\/avatar\/72593fabec0b4f87dbdaf7bd1010408778ba2a5dad577e9c1cd368b4d6e16116?s=96&d=mm&r=g\",\"caption\":\"Jaroslav\"},\"logo\":{\"@id\":\"https:\/\/www.sveceny.cz\/#\/schema\/person\/image\/\"}}]}<\/script>\n<!-- \/ Yoast SEO plugin. -->","yoast_head_json":{"title":"Discography - Jaroslav Sv\u011bcen\u00fd","robots":{"index":"index","follow":"follow","max-snippet":"max-snippet:-1","max-image-preview":"max-image-preview:large","max-video-preview":"max-video-preview:-1"},"canonical":"https:\/\/www.sveceny.cz\/en\/discography-2\/","og_locale":"en_US","og_type":"article","og_title":"Discography - Jaroslav Sv\u011bcen\u00fd","og_url":"https:\/\/www.sveceny.cz\/en\/discography-2\/","og_site_name":"Jaroslav Sv\u011bcen\u00fd","article_modified_time":"2020-10-04T17:53:52+00:00","twitter_card":"summary_large_image","schema":{"@context":"https:\/\/schema.org","@graph":[{"@type":"WebPage","@id":"https:\/\/www.sveceny.cz\/en\/discography-2\/","url":"https:\/\/www.sveceny.cz\/en\/discography-2\/","name":"Discography - Jaroslav Sv\u011bcen\u00fd","isPartOf":{"@id":"https:\/\/www.sveceny.cz\/#website"},"datePublished":"2020-10-04T17:50:54+00:00","dateModified":"2020-10-04T17:53:52+00:00","breadcrumb":{"@id":"https:\/\/www.sveceny.cz\/en\/discography-2\/#breadcrumb"},"inLanguage":"en-US","potentialAction":[{"@type":"ReadAction","target":["https:\/\/www.sveceny.cz\/en\/discography-2\/"]}]},{"@type":"BreadcrumbList","@id":"https:\/\/www.sveceny.cz\/en\/discography-2\/#breadcrumb","itemListElement":[{"@type":"ListItem","position":1,"name":"Dom\u016f","item":"https:\/\/www.sveceny.cz\/en\/"},{"@type":"ListItem","position":2,"name":"Discography"}]},{"@type":"WebSite","@id":"https:\/\/www.sveceny.cz\/#website","url":"https:\/\/www.sveceny.cz\/","name":"Jaroslav Sv\u011bcen\u00fd","description":"\u010cesk\u00fd houslov\u00fd virtuos","publisher":{"@id":"https:\/\/www.sveceny.cz\/#\/schema\/person\/923756e4254f42a7157baf29a6bf8f15"},"potentialAction":[{"@type":"SearchAction","target":{"@type":"EntryPoint","urlTemplate":"https:\/\/www.sveceny.cz\/?s={search_term_string}"},"query-input":{"@type":"PropertyValueSpecification","valueRequired":true,"valueName":"search_term_string"}}],"inLanguage":"en-US"},{"@type":["Person","Organization"],"@id":"https:\/\/www.sveceny.cz\/#\/schema\/person\/923756e4254f42a7157baf29a6bf8f15","name":"Jaroslav","image":{"@type":"ImageObject","inLanguage":"en-US","@id":"https:\/\/www.sveceny.cz\/#\/schema\/person\/image\/","url":"https:\/\/secure.gravatar.com\/avatar\/72593fabec0b4f87dbdaf7bd1010408778ba2a5dad577e9c1cd368b4d6e16116?s=96&d=mm&r=g","contentUrl":"https:\/\/secure.gravatar.com\/avatar\/72593fabec0b4f87dbdaf7bd1010408778ba2a5dad577e9c1cd368b4d6e16116?s=96&d=mm&r=g","caption":"Jaroslav"},"logo":{"@id":"https:\/\/www.sveceny.cz\/#\/schema\/person\/image\/"}}]}},"publishpress_future_action":{"enabled":false,"date":"2026-05-06 22:21:29","action":"change-status","newStatus":"draft","terms":[],"taxonomy":"translation_priority"},"publishpress_future_workflow_manual_trigger":{"enabledWorkflows":[]},"_links":{"self":[{"href":"https:\/\/www.sveceny.cz\/en\/wp-json\/wp\/v2\/pages\/1708","targetHints":{"allow":["GET"]}}],"collection":[{"href":"https:\/\/www.sveceny.cz\/en\/wp-json\/wp\/v2\/pages"}],"about":[{"href":"https:\/\/www.sveceny.cz\/en\/wp-json\/wp\/v2\/types\/page"}],"author":[{"embeddable":true,"href":"https:\/\/www.sveceny.cz\/en\/wp-json\/wp\/v2\/users\/4"}],"replies":[{"embeddable":true,"href":"https:\/\/www.sveceny.cz\/en\/wp-json\/wp\/v2\/comments?post=1708"}],"version-history":[{"count":2,"href":"https:\/\/www.sveceny.cz\/en\/wp-json\/wp\/v2\/pages\/1708\/revisions"}],"predecessor-version":[{"id":1711,"href":"https:\/\/www.sveceny.cz\/en\/wp-json\/wp\/v2\/pages\/1708\/revisions\/1711"}],"wp:attachment":[{"href":"https:\/\/www.sveceny.cz\/en\/wp-json\/wp\/v2\/media?parent=1708"}],"curies":[{"name":"wp","href":"https:\/\/api.w.org\/{rel}","templated":true}]}}