{"id":1061,"date":"2019-06-11T13:17:37","date_gmt":"2019-06-11T11:17:37","guid":{"rendered":"https:\/\/sveceny.cz\/domovska-straka\/"},"modified":"2019-07-04T11:52:43","modified_gmt":"2019-07-04T09:52:43","slug":"domovska-straka","status":"publish","type":"page","link":"https:\/\/www.sveceny.cz\/en\/","title":{"rendered":"Domovsk\u00e1 str\u00e1nka"},"content":{"rendered":"","protected":false},"excerpt":{"rendered":"","protected":false},"author":1,"featured_media":761,"parent":0,"menu_order":0,"comment_status":"closed","ping_status":"closed","template":"template-homepage.php","meta":{"_acf_changed":false,"footnotes":""},"class_list":["post-1061","page","type-page","status-publish","has-post-thumbnail","hentry"],"acf":[],"yoast_head":"<!-- This site is optimized with the Yoast SEO plugin v25.4 - https:\/\/yoast.com\/wordpress\/plugins\/seo\/ -->\n<title>Domovsk\u00e1 str\u00e1nka - Jaroslav Sv\u011bcen\u00fd<\/title>\n<meta name=\"robots\" content=\"index, follow, max-snippet:-1, max-image-preview:large, max-video-preview:-1\" \/>\n<link rel=\"canonical\" href=\"https:\/\/www.sveceny.cz\/en\/\" \/>\n<meta property=\"og:locale\" content=\"en_US\" \/>\n<meta property=\"og:type\" content=\"article\" \/>\n<meta property=\"og:title\" content=\"Domovsk\u00e1 str\u00e1nka - Jaroslav Sv\u011bcen\u00fd\" \/>\n<meta property=\"og:url\" content=\"https:\/\/www.sveceny.cz\/en\/\" \/>\n<meta property=\"og:site_name\" content=\"Jaroslav Sv\u011bcen\u00fd\" \/>\n<meta property=\"article:modified_time\" content=\"2019-07-04T09:52:43+00:00\" \/>\n<meta property=\"og:image\" content=\"https:\/\/www.sveceny.cz\/wp-content\/uploads\/2019\/05\/000040790003-1024x679.jpg\" \/>\n\t<meta property=\"og:image:width\" content=\"1024\" \/>\n\t<meta property=\"og:image:height\" content=\"679\" \/>\n\t<meta property=\"og:image:type\" content=\"image\/jpeg\" \/>\n<meta name=\"twitter:card\" content=\"summary_large_image\" \/>\n<script type=\"application\/ld+json\" class=\"yoast-schema-graph\">{\"@context\":\"https:\/\/schema.org\",\"@graph\":[{\"@type\":\"WebPage\",\"@id\":\"https:\/\/www.sveceny.cz\/en\/\",\"url\":\"https:\/\/www.sveceny.cz\/en\/\",\"name\":\"Domovsk\u00e1 str\u00e1nka - Jaroslav Sv\u011bcen\u00fd\",\"isPartOf\":{\"@id\":\"https:\/\/www.sveceny.cz\/#website\"},\"primaryImageOfPage\":{\"@id\":\"https:\/\/www.sveceny.cz\/en\/#primaryimage\"},\"image\":{\"@id\":\"https:\/\/www.sveceny.cz\/en\/#primaryimage\"},\"thumbnailUrl\":\"https:\/\/www.sveceny.cz\/wp-content\/uploads\/2019\/05\/000040790003.jpg\",\"datePublished\":\"2019-06-11T11:17:37+00:00\",\"dateModified\":\"2019-07-04T09:52:43+00:00\",\"breadcrumb\":{\"@id\":\"https:\/\/www.sveceny.cz\/en\/#breadcrumb\"},\"inLanguage\":\"en-US\",\"potentialAction\":[{\"@type\":\"ReadAction\",\"target\":[\"https:\/\/www.sveceny.cz\/en\/\"]}]},{\"@type\":\"ImageObject\",\"inLanguage\":\"en-US\",\"@id\":\"https:\/\/www.sveceny.cz\/en\/#primaryimage\",\"url\":\"https:\/\/www.sveceny.cz\/wp-content\/uploads\/2019\/05\/000040790003.jpg\",\"contentUrl\":\"https:\/\/www.sveceny.cz\/wp-content\/uploads\/2019\/05\/000040790003.jpg\",\"width\":6774,\"height\":4492},{\"@type\":\"BreadcrumbList\",\"@id\":\"https:\/\/www.sveceny.cz\/en\/#breadcrumb\",\"itemListElement\":[{\"@type\":\"ListItem\",\"position\":1,\"name\":\"Dom\u016f\",\"item\":\"https:\/\/www.sveceny.cz\/en\/\"},{\"@type\":\"ListItem\",\"position\":2,\"name\":\"Domovsk\u00e1 str\u00e1nka\"}]},{\"@type\":\"WebSite\",\"@id\":\"https:\/\/www.sveceny.cz\/#website\",\"url\":\"https:\/\/www.sveceny.cz\/\",\"name\":\"Jaroslav Sv\u011bcen\u00fd\",\"description\":\"\u010cesk\u00fd houslov\u00fd virtuos\",\"publisher\":{\"@id\":\"https:\/\/www.sveceny.cz\/#\/schema\/person\/923756e4254f42a7157baf29a6bf8f15\"},\"potentialAction\":[{\"@type\":\"SearchAction\",\"target\":{\"@type\":\"EntryPoint\",\"urlTemplate\":\"https:\/\/www.sveceny.cz\/?s={search_term_string}\"},\"query-input\":{\"@type\":\"PropertyValueSpecification\",\"valueRequired\":true,\"valueName\":\"search_term_string\"}}],\"inLanguage\":\"en-US\"},{\"@type\":[\"Person\",\"Organization\"],\"@id\":\"https:\/\/www.sveceny.cz\/#\/schema\/person\/923756e4254f42a7157baf29a6bf8f15\",\"name\":\"Jaroslav\",\"image\":{\"@type\":\"ImageObject\",\"inLanguage\":\"en-US\",\"@id\":\"https:\/\/www.sveceny.cz\/#\/schema\/person\/image\/\",\"url\":\"https:\/\/secure.gravatar.com\/avatar\/72593fabec0b4f87dbdaf7bd1010408778ba2a5dad577e9c1cd368b4d6e16116?s=96&d=mm&r=g\",\"contentUrl\":\"https:\/\/secure.gravatar.com\/avatar\/72593fabec0b4f87dbdaf7bd1010408778ba2a5dad577e9c1cd368b4d6e16116?s=96&d=mm&r=g\",\"caption\":\"Jaroslav\"},\"logo\":{\"@id\":\"https:\/\/www.sveceny.cz\/#\/schema\/person\/image\/\"}}]}<\/script>\n<!-- \/ Yoast SEO plugin. -->","yoast_head_json":{"title":"Domovsk\u00e1 str\u00e1nka - Jaroslav Sv\u011bcen\u00fd","robots":{"index":"index","follow":"follow","max-snippet":"max-snippet:-1","max-image-preview":"max-image-preview:large","max-video-preview":"max-video-preview:-1"},"canonical":"https:\/\/www.sveceny.cz\/en\/","og_locale":"en_US","og_type":"article","og_title":"Domovsk\u00e1 str\u00e1nka - Jaroslav Sv\u011bcen\u00fd","og_url":"https:\/\/www.sveceny.cz\/en\/","og_site_name":"Jaroslav Sv\u011bcen\u00fd","article_modified_time":"2019-07-04T09:52:43+00:00","og_image":[{"width":1024,"height":679,"url":"https:\/\/www.sveceny.cz\/wp-content\/uploads\/2019\/05\/000040790003-1024x679.jpg","type":"image\/jpeg"}],"twitter_card":"summary_large_image","schema":{"@context":"https:\/\/schema.org","@graph":[{"@type":"WebPage","@id":"https:\/\/www.sveceny.cz\/en\/","url":"https:\/\/www.sveceny.cz\/en\/","name":"Domovsk\u00e1 str\u00e1nka - Jaroslav Sv\u011bcen\u00fd","isPartOf":{"@id":"https:\/\/www.sveceny.cz\/#website"},"primaryImageOfPage":{"@id":"https:\/\/www.sveceny.cz\/en\/#primaryimage"},"image":{"@id":"https:\/\/www.sveceny.cz\/en\/#primaryimage"},"thumbnailUrl":"https:\/\/www.sveceny.cz\/wp-content\/uploads\/2019\/05\/000040790003.jpg","datePublished":"2019-06-11T11:17:37+00:00","dateModified":"2019-07-04T09:52:43+00:00","breadcrumb":{"@id":"https:\/\/www.sveceny.cz\/en\/#breadcrumb"},"inLanguage":"en-US","potentialAction":[{"@type":"ReadAction","target":["https:\/\/www.sveceny.cz\/en\/"]}]},{"@type":"ImageObject","inLanguage":"en-US","@id":"https:\/\/www.sveceny.cz\/en\/#primaryimage","url":"https:\/\/www.sveceny.cz\/wp-content\/uploads\/2019\/05\/000040790003.jpg","contentUrl":"https:\/\/www.sveceny.cz\/wp-content\/uploads\/2019\/05\/000040790003.jpg","width":6774,"height":4492},{"@type":"BreadcrumbList","@id":"https:\/\/www.sveceny.cz\/en\/#breadcrumb","itemListElement":[{"@type":"ListItem","position":1,"name":"Dom\u016f","item":"https:\/\/www.sveceny.cz\/en\/"},{"@type":"ListItem","position":2,"name":"Domovsk\u00e1 str\u00e1nka"}]},{"@type":"WebSite","@id":"https:\/\/www.sveceny.cz\/#website","url":"https:\/\/www.sveceny.cz\/","name":"Jaroslav Sv\u011bcen\u00fd","description":"\u010cesk\u00fd houslov\u00fd virtuos","publisher":{"@id":"https:\/\/www.sveceny.cz\/#\/schema\/person\/923756e4254f42a7157baf29a6bf8f15"},"potentialAction":[{"@type":"SearchAction","target":{"@type":"EntryPoint","urlTemplate":"https:\/\/www.sveceny.cz\/?s={search_term_string}"},"query-input":{"@type":"PropertyValueSpecification","valueRequired":true,"valueName":"search_term_string"}}],"inLanguage":"en-US"},{"@type":["Person","Organization"],"@id":"https:\/\/www.sveceny.cz\/#\/schema\/person\/923756e4254f42a7157baf29a6bf8f15","name":"Jaroslav","image":{"@type":"ImageObject","inLanguage":"en-US","@id":"https:\/\/www.sveceny.cz\/#\/schema\/person\/image\/","url":"https:\/\/secure.gravatar.com\/avatar\/72593fabec0b4f87dbdaf7bd1010408778ba2a5dad577e9c1cd368b4d6e16116?s=96&d=mm&r=g","contentUrl":"https:\/\/secure.gravatar.com\/avatar\/72593fabec0b4f87dbdaf7bd1010408778ba2a5dad577e9c1cd368b4d6e16116?s=96&d=mm&r=g","caption":"Jaroslav"},"logo":{"@id":"https:\/\/www.sveceny.cz\/#\/schema\/person\/image\/"}}]}},"publishpress_future_action":{"enabled":false,"date":"2026-04-28 11:54:41","action":"change-status","newStatus":"draft","terms":[],"taxonomy":"translation_priority"},"publishpress_future_workflow_manual_trigger":{"enabledWorkflows":[]},"_links":{"self":[{"href":"https:\/\/www.sveceny.cz\/en\/wp-json\/wp\/v2\/pages\/1061","targetHints":{"allow":["GET"]}}],"collection":[{"href":"https:\/\/www.sveceny.cz\/en\/wp-json\/wp\/v2\/pages"}],"about":[{"href":"https:\/\/www.sveceny.cz\/en\/wp-json\/wp\/v2\/types\/page"}],"author":[{"embeddable":true,"href":"https:\/\/www.sveceny.cz\/en\/wp-json\/wp\/v2\/users\/1"}],"replies":[{"embeddable":true,"href":"https:\/\/www.sveceny.cz\/en\/wp-json\/wp\/v2\/comments?post=1061"}],"version-history":[{"count":3,"href":"https:\/\/www.sveceny.cz\/en\/wp-json\/wp\/v2\/pages\/1061\/revisions"}],"predecessor-version":[{"id":1245,"href":"https:\/\/www.sveceny.cz\/en\/wp-json\/wp\/v2\/pages\/1061\/revisions\/1245"}],"wp:featuredmedia":[{"embeddable":true,"href":"https:\/\/www.sveceny.cz\/en\/wp-json\/wp\/v2\/media\/761"}],"wp:attachment":[{"href":"https:\/\/www.sveceny.cz\/en\/wp-json\/wp\/v2\/media?parent=1061"}],"curies":[{"name":"wp","href":"https:\/\/api.w.org\/{rel}","templated":true}]}}